{"id":32,"date":"2023-10-23T13:36:12","date_gmt":"2023-10-23T13:36:12","guid":{"rendered":"https:\/\/jdnicolas.de\/fatcatswing\/?page_id=32"},"modified":"2023-11-19T17:42:58","modified_gmt":"2023-11-19T17:42:58","slug":"impressum","status":"publish","type":"page","link":"https:\/\/jdnicolas.de\/fatcatswing\/index.php\/impressum\/","title":{"rendered":"Impressum"},"content":{"rendered":"\n<p>alpha 60 e.V.<br>Pfarrgasse 3<br>74523 Schw\u00e4bisch Hall<br>Telefon: 0791\/6665<br>E-Mail: <a href=\"mailto:vorstand@clubalpha60.de\">vorstand@clubalpha60.de<\/a><br>Internet: <a href=\"http:\/\/www.clubalpha60.de\/\">www.clubalpha60.de<\/a> \/ <a href=\"http:\/\/www.fatcatswing.de\">www.fatcatswing.de<\/a><\/p>\n\n\n\n<p>Vertreten durch:<br>Sprecherin: Angelina Sebek<br>Stv. Sprecher*in: Armin Steigleder, Anna D\u00fcrnberger<br>Registergericht Amtsgericht Stuttgart: VR 570069<\/p>\n\n\n\n<p>Inhaltlich Verantwortlicher gem\u00e4\u00df \u00a7 10 Abs. 3 MDStV:<br>Dr. Jan-David Nicolas stellvertretend f\u00fcr alpha 60 e.V.<br>Pfarrgasse 3<br>74523 Schw\u00e4bisch Hall<\/p>\n\n\n\n<p>Herausgeber: alpha 60 e.V. \u2013 Dr. Jan-David Nicolas<br>Webmaster: alpha 60 e.V. \u2013 Dr. Jan-David Nicolas<\/p>\n\n\n\n<p>Rechtshinweis:<br>Der Inhalt dieser Seiten ist urheberrechtlich gesch\u00fctzt. Das Kopieren aller Daten, insbesondere von vereinsspezifischen Grafiken, Texten etc. ist nicht ohne ausdr\u00fcckliche Genehmigung durch den Verein gestattet.<\/p>\n\n\n\n<p>Bei Beitr\u00e4gen aus fremden Quellen ist die Quellenangabe zu beachten.<\/p>\n\n\n\n<p>Haftungshinweis:<br>Trotz sorgf\u00e4ltiger inhaltlicher Kontrolle \u00fcbernehmen wir keine Haftung f\u00fcr die Inhalte externer Links. F\u00fcr den Inhalt der verlinkten Seiten sind ausschlie\u00dflich deren Betreiber verantwortlich.<\/p>\n\n\n\n<p>Bildnachweise:<br>Logo von alpha 60 e.V.: alpha 60 e.V.<br>Logo FatCatSwing: Norman Neumann<br>Calloway by William Gottlieb, 1947: Bestandteil des Blue Note Theme, Public Domain<\/p>\n","protected":false},"excerpt":{"rendered":"<p>alpha 60 e.V.Pfarrgasse 374523 Schw\u00e4bisch HallTelefon: 0791\/6665E-Mail: vorstand@clubalpha60.deInternet: www.clubalpha60.de \/ www.fatcatswing.de Vertreten durch:Sprecherin: Angelina SebekStv. Sprecher*in: Armin Steigleder, Anna D\u00fcrnbergerRegistergericht Amtsgericht Stuttgart: VR 570069 Inhaltlich Verantwortlicher gem\u00e4\u00df \u00a7 10 Abs. 3 MDStV:Dr. Jan-David Nicolas stellvertretend f\u00fcr alpha 60 e.V.Pfarrgasse 374523 Schw\u00e4bisch Hall Herausgeber: alpha 60 e.V. \u2013 Dr. Jan-David NicolasWebmaster: alpha 60 e.V. \u2013 Dr. [&hellip;]<\/p>\n","protected":false},"author":1,"featured_media":0,"parent":0,"menu_order":0,"comment_status":"closed","ping_status":"closed","template":"","meta":{"footnotes":""},"class_list":["post-32","page","type-page","status-publish","hentry"],"_links":{"self":[{"href":"https:\/\/jdnicolas.de\/fatcatswing\/index.php\/wp-json\/wp\/v2\/pages\/32","targetHints":{"allow":["GET"]}}],"collection":[{"href":"https:\/\/jdnicolas.de\/fatcatswing\/index.php\/wp-json\/wp\/v2\/pages"}],"about":[{"href":"https:\/\/jdnicolas.de\/fatcatswing\/index.php\/wp-json\/wp\/v2\/types\/page"}],"author":[{"embeddable":true,"href":"https:\/\/jdnicolas.de\/fatcatswing\/index.php\/wp-json\/wp\/v2\/users\/1"}],"replies":[{"embeddable":true,"href":"https:\/\/jdnicolas.de\/fatcatswing\/index.php\/wp-json\/wp\/v2\/comments?post=32"}],"version-history":[{"count":6,"href":"https:\/\/jdnicolas.de\/fatcatswing\/index.php\/wp-json\/wp\/v2\/pages\/32\/revisions"}],"predecessor-version":[{"id":128,"href":"https:\/\/jdnicolas.de\/fatcatswing\/index.php\/wp-json\/wp\/v2\/pages\/32\/revisions\/128"}],"wp:attachment":[{"href":"https:\/\/jdnicolas.de\/fatcatswing\/index.php\/wp-json\/wp\/v2\/media?parent=32"}],"curies":[{"name":"wp","href":"https:\/\/api.w.org\/{rel}","templated":true}]}}